{"id":504,"date":"2010-07-21T08:43:22","date_gmt":"2010-07-21T07:43:22","guid":{"rendered":"http:\/\/sieci.gorlice.net.pl\/?page_id=504"},"modified":"2018-01-22T09:42:10","modified_gmt":"2018-01-22T08:42:10","slug":"oferta-stalego-dostepu-do-internetu","status":"publish","type":"page","link":"https:\/\/sieci.gorlice.net.pl\/?page_id=504","title":{"rendered":"Oferta sta\u0142ego dost\u0119pu do internetu"},"content":{"rendered":"<h4>Poszukujesz \u0142\u0105cz klasy BIZNES? Skontaktuj si\u0119 z nami! \u0141\u0105cza synchroniczne, klasy adresacji IP dla serwer\u00f3w i sieci, dowolna technologia.<\/h4>\n<p>Koszt aktywacji us\u0142ugi sta\u0142ego dost\u0119pu do internetu na terenie Gorlic:<\/p>\n<ul>\n<li><strong>1,00 z\u0142<\/strong> w przypadku umowy na czas okre\u015blony (12\/24 msc),<\/li>\n<li><strong>100,00 z\u0142<\/strong> dla umowy na czas nieokre\u015blony.<\/li>\n<\/ul>\n<h3>Dost\u0119pne opcje abonamentowe :<\/h3>\n<p><!--more--><\/p>\n<table align=\"center\">\n<tbody>\n<tr bgcolor=\"#eeeeee\">\n<td rowspan=\"2\">Przepustowo\u015b\u0107 \u0142\u0105cza (pobieranie\/wysy\u0142anie)<\/td>\n<td colspan=\"4\">czas trwania umowy<\/td>\n<\/tr>\n<tr bgcolor=\"#eeeeee\">\n<td>nieokre\u015blony<\/td>\n<td>12 miesi\u0119cy<\/td>\n<td>24 miesi\u0105ce<\/td>\n<\/tr>\n<tr>\n<td>50 Mb\/s<\/td>\n<td>kontakt z BOK<\/td>\n<td>kontakt z BOK<\/td>\n<td>kontakt z BOK<\/td>\n<\/tr>\n<tr>\n<td bgcolor=\"#eeeeee\">30 Mb\/s<\/td>\n<td bgcolor=\"#eeeeee\">kontakt z BOK<\/td>\n<td bgcolor=\"#eeeeee\">kontakt z BOK<\/td>\n<td bgcolor=\"#eeeeee\">kontakt z BOK<\/td>\n<\/tr>\n<tr>\n<td>20 Mb\/s<\/td>\n<td>kontakt z BOK<\/td>\n<td>kontakt z BOK<\/td>\n<td>kontakt z BOK<\/td>\n<\/tr>\n<tr>\n<td bgcolor=\"#eeeeee\">10 Mb\/s<\/td>\n<td bgcolor=\"#eeeeee\">kontakt z BOK<\/td>\n<td bgcolor=\"#eeeeee\">kontakt z BOK<\/td>\n<td bgcolor=\"#eeeeee\">kontakt z BOK<\/td>\n<\/tr>\n<\/tbody>\n<\/table>\n<ul>\n<\/ul>\n<h3>W cenie zawiera si\u0119 :<\/h3>\n<p>&#8211; umowa na czas okre\u015blony (opcjonalnie umowa na czas nieokre\u015blony),<\/p>\n<p>&#8211; niepubliczny\/publiczny adres IP,<\/p>\n<p>&#8211; sta\u0142y, 24-godzinny dost\u0119p do internetu, bez \u017cadnych dodatkowych op\u0142at,<\/p>\n<p>&#8211; bez konieczno\u015bci posiadania linii telefonicznej,<\/p>\n<p>&#8211; bez konieczno\u015bci posiadania kabl\u00f3wki,<\/p>\n<p>&#8211; brak limit\u00f3w na ilo\u015b\u0107 \u015bci\u0105ganych danych,<\/p>\n<p>&#8211; sta\u0142e po\u0142\u0105czenie kablowe z internetem,<\/p>\n<p>&#8211; brak konieczno\u015bci instalacji anten itp (jak w przypadku rozwi\u0105za\u0144 transmisji danych drog\u0105 radiow\u0105).<\/p>\n<p>Dla lokalizacji gdzie nie ma mo\u017cliwo\u015bci technicznej wykonania\/pod\u0142\u0105czenia sieci kablowej, istnieje mo\u017cliwo\u015b\u0107 przy\u0142\u0105czenia si\u0119 do nas poprzez drog\u0119 radiow\u0105. Informacje mo\u017cna uzyska\u0107 w siedzibie naszej firmy.<\/p>\n<h3>Inne us\u0142ugi<\/h3>\n<table align=\"center\">\n<tbody>\n<tr bgcolor=\"#eeeeee\">\n<td><\/td>\n<td>cena<\/td>\n<\/tr>\n<tr>\n<td>\n<ul>\n<li>Zakup skonfigurowanego i zabezpieczonego routera WiFi (mo\u017cliwo\u015b\u0107 bezprzewodowego korzystania z \u0142\u0105cza w obr\u0119bie mieszkania, oraz pod\u0142\u0105czenia wi\u0119kszej ilo\u015bci komputer\u00f3w)<\/li>\n<\/ul>\n<\/td>\n<td><strong>100,00 z\u0142 &#8211; 200,00 z\u0142 (w zale\u017cno\u015bci od modelu)<\/strong><\/td>\n<\/tr>\n<tr bgcolor=\"#eeeeee\">\n<td>\n<ul>\n<li>Ponowna aktywacja us\u0142ugi po jej uprzednim zawieszeniu z powodu nieuregulowania nale\u017cnych op\u0142at lub nieprzestrzegania Regulaminu Operatora (pobierana za ka\u017cde zdarzenie)<\/li>\n<\/ul>\n<\/td>\n<td><strong>60,00 z\u0142<\/strong><\/td>\n<\/tr>\n<tr>\n<td>\n<ul>\n<li>Zawieszenie us\u0142ugi i rezerwacja zasob\u00f3w sieci na \u017cyczenie Abonenta oraz ponowna aktywacja (po up\u0142ywie okresu zawieszenia, min. okres zawieszenia 2 miesi\u0105ce, maksymalny 6 miesi\u0119cy, p\u0142atne z g\u00f3ry za deklarowany okres zawieszenia us\u0142ugi)<\/li>\n<\/ul>\n<\/td>\n<td><strong>10,00 z\u0142<\/strong><\/td>\n<\/tr>\n<tr bgcolor=\"#eeeeee\">\n<td>\n<ul>\n<li>Zmiana parametr\u00f3w abonamentu na wy\u017cszy<\/li>\n<\/ul>\n<\/td>\n<td><strong>w abonamencie<\/strong><\/td>\n<\/tr>\n<tr>\n<td>\n<ul>\n<li>Zmiana parametr\u00f3w abonamentu na ni\u017cszy<\/li>\n<\/ul>\n<\/td>\n<td><strong>10,00 z\u0142<\/strong><\/td>\n<\/tr>\n<tr bgcolor=\"#eeeeee\">\n<td>\n<ul>\n<li>Dodatkowe us\u0142ugi serwisowe &#8211; za ka\u017cde zdarzenie <small>(zakres prac: konfiguracja komputera, w tym: konfiguracja programu pocztowego, konfiguracja TCP\/IP, konfiguracja routera, podstawowa konfiguracja przegl\u0105darki internetowej, zainstalowanie oprogramowania, antywirusa, skanowanie komputera, konfiguracja sieci w systemach Windows, MAC\u2019OS (Linux &#8211; bezp\u0142atnie), wymiana karty sieciowej, odczytanie numeru karty sieciowej, ponowne zarobienie ko\u0144c\u00f3wki UTP)<\/small><\/li>\n<\/ul>\n<\/td>\n<td><strong>20,00 z\u0142<\/strong><\/td>\n<\/tr>\n<tr>\n<td>\n<ul>\n<li>Nieuzasadnione wezwanie przedstawiciela Operatora (brak dost\u0119pu do sieci wynik\u0142y z winy U\u017cytkownika)<\/li>\n<\/ul>\n<\/td>\n<td><strong>30,00 z\u0142<\/strong><\/td>\n<\/tr>\n<\/tbody>\n<\/table>\n<p><span><small>cennik obowi\u0105zuje od dnia 1.05.2011<\/small><\/span><br \/>\n<span><small>cena brutto, zawieraj\u0105 23 % VAT<\/small><\/span><\/p>\n","protected":false},"excerpt":{"rendered":"<p>Poszukujesz \u0142\u0105cz klasy BIZNES? Skontaktuj si\u0119 z nami! \u0141\u0105cza synchroniczne, klasy adresacji IP dla serwer\u00f3w i sieci, dowolna technologia. Koszt aktywacji us\u0142ugi sta\u0142ego dost\u0119pu do internetu na terenie Gorlic: 1,00 &hellip;<\/p>\n","protected":false},"author":1,"featured_media":0,"parent":0,"menu_order":0,"comment_status":"closed","ping_status":"closed","template":"","meta":{"footnotes":""},"class_list":["post-504","page","type-page","status-publish","hentry"],"_links":{"self":[{"href":"https:\/\/sieci.gorlice.net.pl\/index.php?rest_route=\/wp\/v2\/pages\/504","targetHints":{"allow":["GET"]}}],"collection":[{"href":"https:\/\/sieci.gorlice.net.pl\/index.php?rest_route=\/wp\/v2\/pages"}],"about":[{"href":"https:\/\/sieci.gorlice.net.pl\/index.php?rest_route=\/wp\/v2\/types\/page"}],"author":[{"embeddable":true,"href":"https:\/\/sieci.gorlice.net.pl\/index.php?rest_route=\/wp\/v2\/users\/1"}],"replies":[{"embeddable":true,"href":"https:\/\/sieci.gorlice.net.pl\/index.php?rest_route=%2Fwp%2Fv2%2Fcomments&post=504"}],"version-history":[{"count":36,"href":"https:\/\/sieci.gorlice.net.pl\/index.php?rest_route=\/wp\/v2\/pages\/504\/revisions"}],"predecessor-version":[{"id":640,"href":"https:\/\/sieci.gorlice.net.pl\/index.php?rest_route=\/wp\/v2\/pages\/504\/revisions\/640"}],"wp:attachment":[{"href":"https:\/\/sieci.gorlice.net.pl\/index.php?rest_route=%2Fwp%2Fv2%2Fmedia&parent=504"}],"curies":[{"name":"wp","href":"https:\/\/api.w.org\/{rel}","templated":true}]}}